{"id":7,"date":"2025-01-15T11:02:01","date_gmt":"2025-01-15T11:02:01","guid":{"rendered":"https:\/\/rada.zycia.pl\/?page_id=7"},"modified":"2025-01-18T12:34:56","modified_gmt":"2025-01-18T12:34:56","slug":"7-2","status":"publish","type":"page","link":"https:\/\/rada.zycia.pl\/","title":{"rendered":""},"content":{"rendered":"<p style=\"text-align: center;\">obja\u015bnienia, najwa\u017cniejsze tre\u015bci i aktualno\u015bci zosta\u0142y przeniesione na witryn\u0119:<\/p>\n<h1 style=\"text-align: center;\"><a href=\"https:\/\/wladza.narodu.pl\/\">wladza.narodu.pl<\/a><\/h1>\n<h3><\/h3>\n<h3>\u015awiadczenia i uposa\u017cenia<\/h3>\n<ul>\n<li><b>Konstytucyjna s\u0142u\u017cba narodu<\/b> si\u0142 zbrojnych w tym jako gwardia narodowa, administracji rz\u0105dowej, korpusu s\u0142u\u017cby cywilnej i obserwator\u00f3w spo\u0142ecznych w zakresie <b>samorz\u0105dno\u015bci<\/b>.<\/li>\n<li><b>Pe\u0142ne wykorzystanie praw publicznych<\/b> w tym tak\u017ce praw cz\u0142owieka, obywatela, istoty wolno\u015bci i praw, istoty prawa w\u0142asno\u015bci, ochrony osobowo\u015bci jako sposobu wyra\u017cania si\u0119.<\/li>\n<li><b>Dzia\u0142alno\u015b\u0107 gospodarcza oraz gospodarstwa rodzinne<\/b> wobec spo\u0142ecznej gospodarki rynkowej, ochrona pracy, zarobkowania, mieszkania i zdrowia bez obci\u0105\u017cania i rejestracji.<\/li>\n<li><b>Szko\u0142a, studiowanie,<\/b> <b>profesje zawodowe<\/b> z narodowym uprzywilejowaniem wobec zakazanych wyw\u0142aszcze\u0144 naukowych tzw. uczelni i innych podmiotowo\u015bci rejestrowanych bezprawnie.<\/li>\n<li><b>Bezpartyjno\u015b\u0107<\/b> z usuwaniem zale\u017cno\u015bci polityki zaka\u017conej prawem. <b>Zrzeszeniowo\u015b\u0107<\/b> i dobra osobiste bez konieczno\u015bci rejestracji, ponoszenia sk\u0142adek, op\u0142at oraz rozlicze\u0144 skarbowych.<\/li>\n<li><b>Sejmiki gminne<\/b> jako podstawa decentralizacji w\u0142adzy zwierzchniej Narodu, pa\u0144stwowo\u015bci opartej na zwyczajowo\u015bci gospodarstw rodzinnych z wykazaniem rad wsp\u00f3lnot samorz\u0105dowych.<\/li>\n<li><b>Gmina i poselstwo<\/b> chronione prawd\u0105 nale\u017cn\u0105 ka\u017cdemu wzgl\u0119dem <b>rodzimo\u015bci i rdzenno\u015bci <\/b>z ochron\u0105 prawn\u0105 wobec funkcji osobowych ubezw\u0142asnowolnionych brakiem przedstawicielstwa. Jurysdykcje narodowe ka\u017cdej z funkcji i organ\u00f3w wykazuj\u0105cych ubezw\u0142asnowolnienie.<\/li>\n<li><b>Rozstrzyganie o to\u017csamo\u015bci kulturowej<\/b> bez granic na podstawach praw lud\u00f3w tubylczych oraz kasacja wadliwych formacji i ustroj\u00f3w socjalizmu, komunizmu i pofaszystowskich.<\/li>\n<li><b>Uprzywilejowanie wobec pojazdu<\/b> z zakazem identyfikacji na drogach narodowych, wykazanych oznaczeniami unii lachickiej, enklaw\u0105 ruchom\u0105 i piecz\u0105 rozproszon\u0105 narodu.<\/li>\n<li><b>Enklawy narodowe<\/b>, rodowe, osadnictwo oraz odci\u0105\u017cenia podatkowe <b>zasiedzeniem<\/b>.<\/li>\n<li><b>Prawo s\u0105dzenia<\/b> o krzywdach oraz pracach <b>sejmowych komisji \u015bledczych<\/b>. Piecza nad rodzinami z zakazem stosowania dyskryminacji, napa\u015bci utajonej, zale\u017cno\u015bci i nakaz\u00f3w.<\/li>\n<li><b>S\u0105dowe rozpatrywanie orzecznictw<\/b> karnych, skarbowych, chorobowych, radiacyjnych, edukacyjnych, finansowych, bytowych, po\u017cyczkowych, opieku\u0144czych, podatkowych.<\/li>\n<li><b>Weryfikacja<\/b> odpowiedzialno\u015bci sprzecznych z prawami podstawowymi przepis\u00f3w wobec sprawc\u00f3w wykazuj\u0105ca zakazane metody i praktyki tzw. partii politycznych z ochron\u0105 partii Narodu.<\/li>\n<li><b>Uposa\u017cenie pracy zarobkuj\u0105cych<\/b> jako funkcjonariusze i organy oraz inne konstytucyjnie i ustawowo wykazywane role stosowania w\u0142adzy publicznej z narodow\u0105 \u015bcie\u017ck\u0105 legalizacji, co do zarobkowania.<\/li>\n<\/ul>\n<h3 align=\"center\"><\/h3>\n<h3 style=\"text-align: left;\" align=\"center\"><b>Podstawy prawa<\/b><\/h3>\n<ul>\n<li>precedensy jako umowy mi\u0119dzynarodowe, ustawodastwo, rozporz\u0105dzenia Narodu, regionalne izby obrachunkowe, prokuratura generalna, orzeczenia prawomocne S\u0105du Konstytucyjnego,<\/li>\n<li>Konstytucja art. 4, 8, 15, 20, 21, 22, 23, 30, 31, 35, 38, 42, 45, 51, 58, 64, 70, 77, 79, 85, 104, 164, 173, 175, 227, 228, 236, 237<\/li>\n<\/ul>\n","protected":false},"excerpt":{"rendered":"<p>obja\u015bnienia, najwa\u017cniejsze tre\u015bci i aktualno\u015bci zosta\u0142y przeniesione na witryn\u0119: wladza.narodu.pl \u015awiadczenia i uposa\u017cenia Konstytucyjna s\u0142u\u017cba narodu si\u0142 zbrojnych w tym jako gwardia narodowa, administracji rz\u0105dowej, korpusu s\u0142u\u017cby cywilnej i obserwator\u00f3w [&hellip;]<\/p>\n","protected":false},"author":1,"featured_media":0,"parent":0,"menu_order":0,"comment_status":"closed","ping_status":"closed","template":"","meta":{"footnotes":""},"class_list":["post-7","page","type-page","status-publish","hentry"],"_links":{"self":[{"href":"https:\/\/rada.zycia.pl\/index.php\/wp-json\/wp\/v2\/pages\/7","targetHints":{"allow":["GET"]}}],"collection":[{"href":"https:\/\/rada.zycia.pl\/index.php\/wp-json\/wp\/v2\/pages"}],"about":[{"href":"https:\/\/rada.zycia.pl\/index.php\/wp-json\/wp\/v2\/types\/page"}],"author":[{"embeddable":true,"href":"https:\/\/rada.zycia.pl\/index.php\/wp-json\/wp\/v2\/users\/1"}],"replies":[{"embeddable":true,"href":"https:\/\/rada.zycia.pl\/index.php\/wp-json\/wp\/v2\/comments?post=7"}],"version-history":[{"count":4,"href":"https:\/\/rada.zycia.pl\/index.php\/wp-json\/wp\/v2\/pages\/7\/revisions"}],"predecessor-version":[{"id":21,"href":"https:\/\/rada.zycia.pl\/index.php\/wp-json\/wp\/v2\/pages\/7\/revisions\/21"}],"wp:attachment":[{"href":"https:\/\/rada.zycia.pl\/index.php\/wp-json\/wp\/v2\/media?parent=7"}],"curies":[{"name":"wp","href":"https:\/\/api.w.org\/{rel}","templated":true}]}}